{"id":71,"date":"2017-07-12T05:53:59","date_gmt":"2017-07-12T05:53:59","guid":{"rendered":"https:\/\/www.somecdeeloro.com\/index.php\/about\/"},"modified":"2023-03-09T14:31:43","modified_gmt":"2023-03-09T19:31:43","slug":"about","status":"publish","type":"page","link":"https:\/\/www.somecdeeloro.com\/index.php\/about\/","title":{"rendered":"Quienes Somos"},"content":{"rendered":"\t\t<div data-elementor-type=\"wp-post\" data-elementor-id=\"71\" class=\"elementor elementor-71\">\n\t\t\t\t\t\t<section class=\"elementor-section elementor-top-section elementor-element elementor-element-e92d5e8 elementor-section-boxed elementor-section-height-default elementor-section-height-default\" data-id=\"e92d5e8\" data-element_type=\"section\">\n\t\t\t\t\t\t<div class=\"elementor-container elementor-column-gap-default\">\n\t\t\t\t\t<div class=\"elementor-column elementor-col-100 elementor-top-column elementor-element elementor-element-baa9d4a\" data-id=\"baa9d4a\" data-element_type=\"column\">\n\t\t\t<div class=\"elementor-widget-wrap elementor-element-populated\">\n\t\t\t\t\t\t<div class=\"elementor-element elementor-element-15c3f85 elementor-widget elementor-widget-image\" data-id=\"15c3f85\" data-element_type=\"widget\" data-widget_type=\"image.default\">\n\t\t\t\t<div class=\"elementor-widget-container\">\n\t\t\t\t\t\t\t\t\t\t\t\t\t\t\t<img fetchpriority=\"high\" decoding=\"async\" width=\"1024\" height=\"576\" src=\"https:\/\/www.somecdeeloro.com\/wp-content\/uploads\/2023\/03\/Blue-Modern-Company-Profile-Presentation-1024x576.png\" class=\"attachment-large size-large wp-image-2010\" alt=\"\" srcset=\"https:\/\/www.somecdeeloro.com\/wp-content\/uploads\/2023\/03\/Blue-Modern-Company-Profile-Presentation-1024x576.png 1024w, https:\/\/www.somecdeeloro.com\/wp-content\/uploads\/2023\/03\/Blue-Modern-Company-Profile-Presentation-300x169.png 300w, https:\/\/www.somecdeeloro.com\/wp-content\/uploads\/2023\/03\/Blue-Modern-Company-Profile-Presentation-768x432.png 768w, https:\/\/www.somecdeeloro.com\/wp-content\/uploads\/2023\/03\/Blue-Modern-Company-Profile-Presentation-1536x864.png 1536w, https:\/\/www.somecdeeloro.com\/wp-content\/uploads\/2023\/03\/Blue-Modern-Company-Profile-Presentation.png 1920w\" sizes=\"(max-width: 1024px) 100vw, 1024px\" \/>\t\t\t\t\t\t\t\t\t\t\t\t\t\t\t<\/div>\n\t\t\t\t<\/div>\n\t\t\t\t\t<\/div>\n\t\t<\/div>\n\t\t\t\t\t<\/div>\n\t\t<\/section>\n\t\t\t\t<section class=\"elementor-section elementor-top-section elementor-element elementor-element-871babd elementor-section-boxed elementor-section-height-default elementor-section-height-default\" data-id=\"871babd\" data-element_type=\"section\">\n\t\t\t\t\t\t<div class=\"elementor-container elementor-column-gap-no\">\n\t\t\t\t\t<div class=\"elementor-column elementor-col-50 elementor-top-column elementor-element elementor-element-77e3bb83\" data-id=\"77e3bb83\" data-element_type=\"column\">\n\t\t\t<div class=\"elementor-widget-wrap elementor-element-populated\">\n\t\t\t\t\t\t<div class=\"elementor-element elementor-element-2d9347f6 elementor-widget elementor-widget-image\" data-id=\"2d9347f6\" data-element_type=\"widget\" data-widget_type=\"image.default\">\n\t\t\t\t<div class=\"elementor-widget-container\">\n\t\t\t\t\t\t\t\t\t\t\t\t\t\t\t<img decoding=\"async\" src=\"https:\/\/www.somecdeeloro.com\/wp-content\/uploads\/elementor\/thumbs\/our-story-img-1-q352otpx2csxz5b3tgi1mzsv24cywbq22o4luirxgg.jpg\" title=\"our-story-img.jpg\" alt=\"our-story-img.jpg\" loading=\"lazy\" \/>\t\t\t\t\t\t\t\t\t\t\t\t\t\t\t<\/div>\n\t\t\t\t<\/div>\n\t\t\t\t\t<\/div>\n\t\t<\/div>\n\t\t\t\t<div class=\"elementor-column elementor-col-50 elementor-top-column elementor-element elementor-element-7e966216\" data-id=\"7e966216\" data-element_type=\"column\">\n\t\t\t<div class=\"elementor-widget-wrap elementor-element-populated\">\n\t\t\t\t\t\t<div class=\"elementor-element elementor-element-59a74dcd elementor-widget elementor-widget-heading\" data-id=\"59a74dcd\" data-element_type=\"widget\" data-widget_type=\"heading.default\">\n\t\t\t\t<div class=\"elementor-widget-container\">\n\t\t\t\t\t<h2 class=\"elementor-heading-title elementor-size-default\">SOMEC DE EL ORO<\/h2>\t\t\t\t<\/div>\n\t\t\t\t<\/div>\n\t\t\t\t<div class=\"elementor-element elementor-element-46d8a17c elementor-widget-divider--view-line elementor-widget elementor-widget-divider\" data-id=\"46d8a17c\" data-element_type=\"widget\" data-widget_type=\"divider.default\">\n\t\t\t\t<div class=\"elementor-widget-container\">\n\t\t\t\t\t\t\t<div class=\"elementor-divider\">\n\t\t\t<span class=\"elementor-divider-separator\">\n\t\t\t\t\t\t<\/span>\n\t\t<\/div>\n\t\t\t\t\t\t<\/div>\n\t\t\t\t<\/div>\n\t\t\t\t<div class=\"elementor-element elementor-element-4bef784e elementor-widget elementor-widget-text-editor\" data-id=\"4bef784e\" data-element_type=\"widget\" data-widget_type=\"text-editor.default\">\n\t\t\t\t<div class=\"elementor-widget-container\">\n\t\t\t\t\t\t\t\t\t<p>Sindicato de Provincial de Operadores y Mec\u00e1nicos de Equipos Camineros de El Oro \u201cSOMEC DE EL ORO\u201d<br \/>Entidad jur\u00eddica mediante Acuerdo N\u00b0 0063 de septiembre de 1968 Fundado el 23 de mayo de 1968 \u2013 Filial de Federaci\u00f3n Ecuatoriana de Operadores y Mec\u00e1nicos de Equipos Camineros \u201cFEDESOMEC\u201d y La Internacional de Trabajadores de la Construcci\u00f3n y la Madera \u201cICM\u201d.<\/p><p>Somec de El Oro, es una organizaci\u00f3n eminentemente clasista, democr\u00e1tica, libre, activa y disciplinada, creada para defender los derechos de los trabajadores de Equipos Camineros de la Provincia de el Oro y el pa\u00eds. Con domicilio en el edificio Somec de El Oro, ubicado en las calles Col\u00f3n entre Ar\u00edzaga y Pichincha de la ciudad de Machala.<\/p>\t\t\t\t\t\t\t\t<\/div>\n\t\t\t\t<\/div>\n\t\t\t\t\t<\/div>\n\t\t<\/div>\n\t\t\t\t\t<\/div>\n\t\t<\/section>\n\t\t\t\t<section class=\"elementor-section elementor-top-section elementor-element elementor-element-5dd8a8e6 elementor-section-boxed elementor-section-height-default elementor-section-height-default\" data-id=\"5dd8a8e6\" data-element_type=\"section\" data-settings=\"{&quot;background_background&quot;:&quot;classic&quot;}\">\n\t\t\t\t\t\t<div class=\"elementor-container elementor-column-gap-no\">\n\t\t\t\t\t<div class=\"elementor-column elementor-col-100 elementor-top-column elementor-element elementor-element-4701e399\" data-id=\"4701e399\" data-element_type=\"column\" data-settings=\"{&quot;background_background&quot;:&quot;classic&quot;}\">\n\t\t\t<div class=\"elementor-widget-wrap elementor-element-populated\">\n\t\t\t\t\t\t<div class=\"elementor-element elementor-element-6ed2fe38 elementor-widget elementor-widget-heading\" data-id=\"6ed2fe38\" data-element_type=\"widget\" data-widget_type=\"heading.default\">\n\t\t\t\t<div class=\"elementor-widget-container\">\n\t\t\t\t\t<h2 class=\"elementor-heading-title elementor-size-default\">Finalidades<\/h2>\t\t\t\t<\/div>\n\t\t\t\t<\/div>\n\t\t\t\t<div class=\"elementor-element elementor-element-539f45ae elementor-widget-divider--view-line elementor-widget elementor-widget-divider\" data-id=\"539f45ae\" data-element_type=\"widget\" data-widget_type=\"divider.default\">\n\t\t\t\t<div class=\"elementor-widget-container\">\n\t\t\t\t\t\t\t<div class=\"elementor-divider\">\n\t\t\t<span class=\"elementor-divider-separator\">\n\t\t\t\t\t\t<\/span>\n\t\t<\/div>\n\t\t\t\t\t\t<\/div>\n\t\t\t\t<\/div>\n\t\t\t\t<section class=\"elementor-section elementor-inner-section elementor-element elementor-element-4eb44e22 elementor-section-boxed elementor-section-height-default elementor-section-height-default\" data-id=\"4eb44e22\" data-element_type=\"section\">\n\t\t\t\t\t\t<div class=\"elementor-container elementor-column-gap-no\">\n\t\t\t\t\t<div class=\"elementor-column elementor-col-33 elementor-inner-column elementor-element elementor-element-66e076c0\" data-id=\"66e076c0\" data-element_type=\"column\" data-settings=\"{&quot;background_background&quot;:&quot;classic&quot;}\">\n\t\t\t<div class=\"elementor-widget-wrap elementor-element-populated\">\n\t\t\t\t\t\t<div class=\"elementor-element elementor-element-513b8835 elementor-widget elementor-widget-image\" data-id=\"513b8835\" data-element_type=\"widget\" data-widget_type=\"image.default\">\n\t\t\t\t<div class=\"elementor-widget-container\">\n\t\t\t\t\t\t\t\t\t\t\t\t\t\t\t<img decoding=\"async\" width=\"370\" height=\"220\" src=\"https:\/\/www.somecdeeloro.com\/wp-content\/uploads\/2023\/03\/WhatsApp-Image-2023-03-07-at-10.13.00-AM-1.jpeg\" class=\"attachment-large size-large wp-image-2031\" alt=\"\" srcset=\"https:\/\/www.somecdeeloro.com\/wp-content\/uploads\/2023\/03\/WhatsApp-Image-2023-03-07-at-10.13.00-AM-1.jpeg 370w, https:\/\/www.somecdeeloro.com\/wp-content\/uploads\/2023\/03\/WhatsApp-Image-2023-03-07-at-10.13.00-AM-1-300x178.jpeg 300w\" sizes=\"(max-width: 370px) 100vw, 370px\" \/>\t\t\t\t\t\t\t\t\t\t\t\t\t\t\t<\/div>\n\t\t\t\t<\/div>\n\t\t\t\t<div class=\"elementor-element elementor-element-6dafe352 elementor-widget elementor-widget-image-box\" data-id=\"6dafe352\" data-element_type=\"widget\" data-widget_type=\"image-box.default\">\n\t\t\t\t<div class=\"elementor-widget-container\">\n\t\t\t\t\t<div class=\"elementor-image-box-wrapper\"><div class=\"elementor-image-box-content\"><p class=\"elementor-image-box-description\">Defender los derechos de los trabajadores del equipo caminero de la Provincia de El Oro, afiliados a esta organizaci\u00f3n y de todos los trabajadores ecuatorianos en general, previstos en la Constituci\u00f3n de la Rep\u00fablica, Convenios Internacionales y C\u00f3digo del Trabajo.<\/p><\/div><\/div>\t\t\t\t<\/div>\n\t\t\t\t<\/div>\n\t\t\t\t\t<\/div>\n\t\t<\/div>\n\t\t\t\t<div class=\"elementor-column elementor-col-33 elementor-inner-column elementor-element elementor-element-45c1a5f7\" data-id=\"45c1a5f7\" data-element_type=\"column\" data-settings=\"{&quot;background_background&quot;:&quot;classic&quot;}\">\n\t\t\t<div class=\"elementor-widget-wrap elementor-element-populated\">\n\t\t\t\t\t\t<div class=\"elementor-element elementor-element-18316b6d elementor-widget elementor-widget-image\" data-id=\"18316b6d\" data-element_type=\"widget\" data-widget_type=\"image.default\">\n\t\t\t\t<div class=\"elementor-widget-container\">\n\t\t\t\t\t\t\t\t\t\t\t\t\t\t\t<img decoding=\"async\" width=\"370\" height=\"220\" src=\"https:\/\/www.somecdeeloro.com\/wp-content\/uploads\/2023\/03\/WhatsApp-Image-2023-03-07-at-10.13.13-AM.jpeg\" class=\"attachment-large size-large wp-image-2034\" alt=\"\" srcset=\"https:\/\/www.somecdeeloro.com\/wp-content\/uploads\/2023\/03\/WhatsApp-Image-2023-03-07-at-10.13.13-AM.jpeg 370w, https:\/\/www.somecdeeloro.com\/wp-content\/uploads\/2023\/03\/WhatsApp-Image-2023-03-07-at-10.13.13-AM-300x178.jpeg 300w\" sizes=\"(max-width: 370px) 100vw, 370px\" \/>\t\t\t\t\t\t\t\t\t\t\t\t\t\t\t<\/div>\n\t\t\t\t<\/div>\n\t\t\t\t<div class=\"elementor-element elementor-element-286ba914 elementor-widget elementor-widget-image-box\" data-id=\"286ba914\" data-element_type=\"widget\" data-widget_type=\"image-box.default\">\n\t\t\t\t<div class=\"elementor-widget-container\">\n\t\t\t\t\t<div class=\"elementor-image-box-wrapper\"><div class=\"elementor-image-box-content\"><p class=\"elementor-image-box-description\">Impulsar la capacitaci\u00f3n pol\u00edtica sindical de sus socios, dentro y fuera del pa\u00eds.<\/p><\/div><\/div>\t\t\t\t<\/div>\n\t\t\t\t<\/div>\n\t\t\t\t\t<\/div>\n\t\t<\/div>\n\t\t\t\t<div class=\"elementor-column elementor-col-33 elementor-inner-column elementor-element elementor-element-5a3647e2\" data-id=\"5a3647e2\" data-element_type=\"column\" data-settings=\"{&quot;background_background&quot;:&quot;classic&quot;}\">\n\t\t\t<div class=\"elementor-widget-wrap elementor-element-populated\">\n\t\t\t\t\t\t<div class=\"elementor-element elementor-element-1d9acffa elementor-widget elementor-widget-image\" data-id=\"1d9acffa\" data-element_type=\"widget\" data-widget_type=\"image.default\">\n\t\t\t\t<div class=\"elementor-widget-container\">\n\t\t\t\t\t\t\t\t\t\t\t\t\t\t\t<img loading=\"lazy\" decoding=\"async\" width=\"370\" height=\"220\" src=\"https:\/\/www.somecdeeloro.com\/wp-content\/uploads\/2023\/03\/WhatsApp-Image-2023-03-07-at-10.13.03-AM.jpeg\" class=\"attachment-large size-large wp-image-2033\" alt=\"\" srcset=\"https:\/\/www.somecdeeloro.com\/wp-content\/uploads\/2023\/03\/WhatsApp-Image-2023-03-07-at-10.13.03-AM.jpeg 370w, https:\/\/www.somecdeeloro.com\/wp-content\/uploads\/2023\/03\/WhatsApp-Image-2023-03-07-at-10.13.03-AM-300x178.jpeg 300w\" sizes=\"(max-width: 370px) 100vw, 370px\" \/>\t\t\t\t\t\t\t\t\t\t\t\t\t\t\t<\/div>\n\t\t\t\t<\/div>\n\t\t\t\t<div class=\"elementor-element elementor-element-348f306 elementor-widget elementor-widget-image-box\" data-id=\"348f306\" data-element_type=\"widget\" data-widget_type=\"image-box.default\">\n\t\t\t\t<div class=\"elementor-widget-container\">\n\t\t\t\t\t<div class=\"elementor-image-box-wrapper\"><div class=\"elementor-image-box-content\"><p class=\"elementor-image-box-description\">Como filial de FEDESOMEC, coordinar y organizar cursos de capacitaci\u00f3n profesional.<\/p><\/div><\/div>\t\t\t\t<\/div>\n\t\t\t\t<\/div>\n\t\t\t\t\t<\/div>\n\t\t<\/div>\n\t\t\t\t\t<\/div>\n\t\t<\/section>\n\t\t\t\t<section class=\"elementor-section elementor-inner-section elementor-element elementor-element-70753cb elementor-section-boxed elementor-section-height-default elementor-section-height-default\" data-id=\"70753cb\" data-element_type=\"section\">\n\t\t\t\t\t\t<div class=\"elementor-container elementor-column-gap-no\">\n\t\t\t\t\t<div class=\"elementor-column elementor-col-33 elementor-inner-column elementor-element elementor-element-054710d\" data-id=\"054710d\" data-element_type=\"column\" data-settings=\"{&quot;background_background&quot;:&quot;classic&quot;}\">\n\t\t\t<div class=\"elementor-widget-wrap elementor-element-populated\">\n\t\t\t\t\t\t<div class=\"elementor-element elementor-element-501b1c4 elementor-widget elementor-widget-image\" data-id=\"501b1c4\" data-element_type=\"widget\" data-widget_type=\"image.default\">\n\t\t\t\t<div class=\"elementor-widget-container\">\n\t\t\t\t\t\t\t\t\t\t\t\t\t\t\t<img loading=\"lazy\" decoding=\"async\" width=\"370\" height=\"220\" src=\"https:\/\/www.somecdeeloro.com\/wp-content\/uploads\/2023\/03\/WhatsApp-Image-2023-03-07-at-10.13.17-AM-2.jpeg\" class=\"attachment-large size-large wp-image-2035\" alt=\"\" srcset=\"https:\/\/www.somecdeeloro.com\/wp-content\/uploads\/2023\/03\/WhatsApp-Image-2023-03-07-at-10.13.17-AM-2.jpeg 370w, https:\/\/www.somecdeeloro.com\/wp-content\/uploads\/2023\/03\/WhatsApp-Image-2023-03-07-at-10.13.17-AM-2-300x178.jpeg 300w\" sizes=\"(max-width: 370px) 100vw, 370px\" \/>\t\t\t\t\t\t\t\t\t\t\t\t\t\t\t<\/div>\n\t\t\t\t<\/div>\n\t\t\t\t<div class=\"elementor-element elementor-element-7def4e5 elementor-widget elementor-widget-image-box\" data-id=\"7def4e5\" data-element_type=\"widget\" data-widget_type=\"image-box.default\">\n\t\t\t\t<div class=\"elementor-widget-container\">\n\t\t\t\t\t<div class=\"elementor-image-box-wrapper\"><div class=\"elementor-image-box-content\"><p class=\"elementor-image-box-description\">Fomentar la pr\u00e1ctica deportiva y cultural mediante la organizaci\u00f3n de jornadas deportivas internas.<\/p><\/div><\/div>\t\t\t\t<\/div>\n\t\t\t\t<\/div>\n\t\t\t\t\t<\/div>\n\t\t<\/div>\n\t\t\t\t<div class=\"elementor-column elementor-col-33 elementor-inner-column elementor-element elementor-element-1c14706\" data-id=\"1c14706\" data-element_type=\"column\" data-settings=\"{&quot;background_background&quot;:&quot;classic&quot;}\">\n\t\t\t<div class=\"elementor-widget-wrap elementor-element-populated\">\n\t\t\t\t\t\t<div class=\"elementor-element elementor-element-721eae2 elementor-widget elementor-widget-image\" data-id=\"721eae2\" data-element_type=\"widget\" data-widget_type=\"image.default\">\n\t\t\t\t<div class=\"elementor-widget-container\">\n\t\t\t\t\t\t\t\t\t\t\t\t\t\t\t<img loading=\"lazy\" decoding=\"async\" width=\"370\" height=\"220\" src=\"https:\/\/www.somecdeeloro.com\/wp-content\/uploads\/2023\/03\/WhatsApp-Image-2023-03-07-at-10.13.01-AM-2.jpeg\" class=\"attachment-large size-large wp-image-2032\" alt=\"\" srcset=\"https:\/\/www.somecdeeloro.com\/wp-content\/uploads\/2023\/03\/WhatsApp-Image-2023-03-07-at-10.13.01-AM-2.jpeg 370w, https:\/\/www.somecdeeloro.com\/wp-content\/uploads\/2023\/03\/WhatsApp-Image-2023-03-07-at-10.13.01-AM-2-300x178.jpeg 300w\" sizes=\"(max-width: 370px) 100vw, 370px\" \/>\t\t\t\t\t\t\t\t\t\t\t\t\t\t\t<\/div>\n\t\t\t\t<\/div>\n\t\t\t\t<div class=\"elementor-element elementor-element-a4aebf9 elementor-widget elementor-widget-image-box\" data-id=\"a4aebf9\" data-element_type=\"widget\" data-widget_type=\"image-box.default\">\n\t\t\t\t<div class=\"elementor-widget-container\">\n\t\t\t\t\t<div class=\"elementor-image-box-wrapper\"><div class=\"elementor-image-box-content\"><p class=\"elementor-image-box-description\">Mantener estrechas relaciones con otras organizaciones de trabajadores de la provincia y el pa\u00eds.<\/p><\/div><\/div>\t\t\t\t<\/div>\n\t\t\t\t<\/div>\n\t\t\t\t\t<\/div>\n\t\t<\/div>\n\t\t\t\t<div class=\"elementor-column elementor-col-33 elementor-inner-column elementor-element elementor-element-2f25abf\" data-id=\"2f25abf\" data-element_type=\"column\" data-settings=\"{&quot;background_background&quot;:&quot;classic&quot;}\">\n\t\t\t<div class=\"elementor-widget-wrap elementor-element-populated\">\n\t\t\t\t\t\t<div class=\"elementor-element elementor-element-1ce9892 elementor-widget elementor-widget-image\" data-id=\"1ce9892\" data-element_type=\"widget\" data-widget_type=\"image.default\">\n\t\t\t\t<div class=\"elementor-widget-container\">\n\t\t\t\t\t\t\t\t\t\t\t\t\t\t\t<img loading=\"lazy\" decoding=\"async\" width=\"370\" height=\"220\" src=\"https:\/\/www.somecdeeloro.com\/wp-content\/uploads\/2023\/03\/valor-agregado_Fondos-de-inversion-portada.jpg\" class=\"attachment-large size-large wp-image-2030\" alt=\"\" srcset=\"https:\/\/www.somecdeeloro.com\/wp-content\/uploads\/2023\/03\/valor-agregado_Fondos-de-inversion-portada.jpg 370w, https:\/\/www.somecdeeloro.com\/wp-content\/uploads\/2023\/03\/valor-agregado_Fondos-de-inversion-portada-300x178.jpg 300w\" sizes=\"(max-width: 370px) 100vw, 370px\" \/>\t\t\t\t\t\t\t\t\t\t\t\t\t\t\t<\/div>\n\t\t\t\t<\/div>\n\t\t\t\t<div class=\"elementor-element elementor-element-7d458c9 elementor-widget elementor-widget-image-box\" data-id=\"7d458c9\" data-element_type=\"widget\" data-widget_type=\"image-box.default\">\n\t\t\t\t<div class=\"elementor-widget-container\">\n\t\t\t\t\t<div class=\"elementor-image-box-wrapper\"><div class=\"elementor-image-box-content\"><p class=\"elementor-image-box-description\">Crear un fondo mortuorio para el caso de fallecimiento de alguno de sus socios, para lo cual deber\u00e1 elaborarse un reglamento espec\u00edfico que deber\u00e1 ser aprobado por la Asamblea General. <\/p><\/div><\/div>\t\t\t\t<\/div>\n\t\t\t\t<\/div>\n\t\t\t\t\t<\/div>\n\t\t<\/div>\n\t\t\t\t\t<\/div>\n\t\t<\/section>\n\t\t\t\t\t<\/div>\n\t\t<\/div>\n\t\t\t\t\t<\/div>\n\t\t<\/section>\n\t\t\t\t<section class=\"elementor-section elementor-top-section elementor-element elementor-element-9f923cb elementor-section-boxed elementor-section-height-default elementor-section-height-default\" data-id=\"9f923cb\" data-element_type=\"section\">\n\t\t\t\t\t\t<div class=\"elementor-container elementor-column-gap-default\">\n\t\t\t\t\t<div class=\"elementor-column elementor-col-50 elementor-top-column elementor-element elementor-element-518cd46\" data-id=\"518cd46\" data-element_type=\"column\">\n\t\t\t<div class=\"elementor-widget-wrap elementor-element-populated\">\n\t\t\t\t\t\t<div class=\"elementor-element elementor-element-7d1ab0d elementor-invisible elementor-widget elementor-widget-heading\" data-id=\"7d1ab0d\" data-element_type=\"widget\" data-settings=\"{&quot;_animation&quot;:&quot;fadeInLeft&quot;}\" data-widget_type=\"heading.default\">\n\t\t\t\t<div class=\"elementor-widget-container\">\n\t\t\t\t\t<h2 class=\"elementor-heading-title elementor-size-default\">MISION<\/h2>\t\t\t\t<\/div>\n\t\t\t\t<\/div>\n\t\t\t\t<div class=\"elementor-element elementor-element-f32222e elementor-widget elementor-widget-text-editor\" data-id=\"f32222e\" data-element_type=\"widget\" data-widget_type=\"text-editor.default\">\n\t\t\t\t<div class=\"elementor-widget-container\">\n\t\t\t\t\t\t\t\t\tTrabajar en la defensa profesional de operadores y mec\u00e1nicos de equipos camineros de la provincia de El Oro, afiliados a esta organizaci\u00f3n y de todos los trabajadores ecuatorianos en general a trav\u00e9s de la capacitaci\u00f3n profesional, fomentaci\u00f3n cultural &#8211; deportiva, lucha social, el mejoramiento de las condiciones de trabajo y la formaci\u00f3n de una plena conciencia de clase con igualdad de g\u00e9nero.\t\t\t\t\t\t\t\t<\/div>\n\t\t\t\t<\/div>\n\t\t\t\t\t<\/div>\n\t\t<\/div>\n\t\t\t\t<div class=\"elementor-column elementor-col-50 elementor-top-column elementor-element elementor-element-9efb350\" data-id=\"9efb350\" data-element_type=\"column\">\n\t\t\t<div class=\"elementor-widget-wrap elementor-element-populated\">\n\t\t\t\t\t\t<div class=\"elementor-element elementor-element-1ed7f26 elementor-invisible elementor-widget elementor-widget-heading\" data-id=\"1ed7f26\" data-element_type=\"widget\" data-settings=\"{&quot;_animation&quot;:&quot;fadeInRight&quot;}\" data-widget_type=\"heading.default\">\n\t\t\t\t<div class=\"elementor-widget-container\">\n\t\t\t\t\t<h2 class=\"elementor-heading-title elementor-size-default\">VISION<\/h2>\t\t\t\t<\/div>\n\t\t\t\t<\/div>\n\t\t\t\t<div class=\"elementor-element elementor-element-0fcc689 elementor-widget elementor-widget-text-editor\" data-id=\"0fcc689\" data-element_type=\"widget\" data-widget_type=\"text-editor.default\">\n\t\t\t\t<div class=\"elementor-widget-container\">\n\t\t\t\t\t\t\t\t\tFortalecer la unidad y solidaridad, fomentando la profesionalizaci\u00f3n y afiliaci\u00f3n, generando espacios para dirimir diferencias e incentivar al deporte y crecimiento profesional. Luchar con vehemencia para defender los derechos de los trabajadores, tanto a nivel provincial como nacional. Incrementar recursos y beneficios de los afiliados de la organizaci\u00f3n.\t\t\t\t\t\t\t\t<\/div>\n\t\t\t\t<\/div>\n\t\t\t\t\t<\/div>\n\t\t<\/div>\n\t\t\t\t\t<\/div>\n\t\t<\/section>\n\t\t\t\t<\/div>\n\t\t","protected":false},"excerpt":{"rendered":"<p>SOMEC DE EL ORO Sindicato de Provincial de Operadores y Mec\u00e1nicos de Equipos Camineros de El Oro \u201cSOMEC DE EL ORO\u201dEntidad jur\u00eddica mediante Acuerdo N\u00b0 0063 de septiembre de 1968 Fundado el 23 de mayo de 1968 \u2013 Filial de Federaci\u00f3n Ecuatoriana de Operadores y Mec\u00e1nicos de Equipos Camineros \u201cFEDESOMEC\u201d y La Internacional de Trabajadores &hellip;<\/p>\n<p class=\"read-more\"> <a class=\"\" href=\"https:\/\/www.somecdeeloro.com\/index.php\/about\/\"> <span class=\"screen-reader-text\">Quienes Somos<\/span> Leer m\u00e1s &raquo;<\/a><\/p>\n","protected":false},"author":1,"featured_media":0,"parent":0,"menu_order":0,"comment_status":"closed","ping_status":"closed","template":"","meta":{"site-sidebar-layout":"no-sidebar","site-content-layout":"page-builder","ast-global-header-display":"","ast-main-header-display":"","ast-hfb-above-header-display":"","ast-hfb-below-header-display":"","ast-hfb-mobile-header-display":"","site-post-title":"disabled","ast-breadcrumbs-content":"","ast-featured-img":"disabled","footer-sml-layout":"","theme-transparent-header-meta":"enabled","adv-header-id-meta":"","stick-header-meta":"","header-above-stick-meta":"","header-main-stick-meta":"","header-below-stick-meta":"","_joinchat":[],"footnotes":""},"class_list":["post-71","page","type-page","status-publish","hentry"],"_links":{"self":[{"href":"https:\/\/www.somecdeeloro.com\/index.php\/wp-json\/wp\/v2\/pages\/71","targetHints":{"allow":["GET"]}}],"collection":[{"href":"https:\/\/www.somecdeeloro.com\/index.php\/wp-json\/wp\/v2\/pages"}],"about":[{"href":"https:\/\/www.somecdeeloro.com\/index.php\/wp-json\/wp\/v2\/types\/page"}],"author":[{"embeddable":true,"href":"https:\/\/www.somecdeeloro.com\/index.php\/wp-json\/wp\/v2\/users\/1"}],"replies":[{"embeddable":true,"href":"https:\/\/www.somecdeeloro.com\/index.php\/wp-json\/wp\/v2\/comments?post=71"}],"version-history":[{"count":33,"href":"https:\/\/www.somecdeeloro.com\/index.php\/wp-json\/wp\/v2\/pages\/71\/revisions"}],"predecessor-version":[{"id":2073,"href":"https:\/\/www.somecdeeloro.com\/index.php\/wp-json\/wp\/v2\/pages\/71\/revisions\/2073"}],"wp:attachment":[{"href":"https:\/\/www.somecdeeloro.com\/index.php\/wp-json\/wp\/v2\/media?parent=71"}],"curies":[{"name":"wp","href":"https:\/\/api.w.org\/{rel}","templated":true}]}}